{"id":18730,"date":"2019-04-20T22:04:14","date_gmt":"2019-04-20T22:04:14","guid":{"rendered":"http:\/\/grupo-ofiman.com\/?page_id=18730"},"modified":"2019-04-20T22:04:14","modified_gmt":"2019-04-20T22:04:14","slug":"konica-minolta-2-3","status":"publish","type":"page","link":"https:\/\/grupo-ofiman.com\/?page_id=18730","title":{"rendered":"03 OLIVETTI"},"content":{"rendered":"<p>[vc_row one_page_title=\u00bbxcvcxv\u00bb][vc_column width=\u00bb1\/3&#8243; column_bg_position=\u00bbcenter center\u00bb][vc_single_image image=\u00bb18489&#8243; img_size=\u00bbmedium\u00bb css_animation=\u00bbfadeInRightBig\u00bb onclick=\u00bbcustom_link\u00bb link=\u00bbhttp:\/\/grupo-ofiman.com\u00bb][\/vc_column][vc_column width=\u00bb1\/3&#8243; column_bg_position=\u00bbcenter center\u00bb][vc_single_image image=\u00bb18703&#8243; img_size=\u00bbmedium\u00bb alignment=\u00bbcenter\u00bb css_animation=\u00bbnone\u00bb][\/vc_column][vc_column width=\u00bb1\/3&#8243; column_bg_position=\u00bbcenter center\u00bb][vc_single_image image=\u00bb18332&#8243; img_size=\u00bbmedium\u00bb alignment=\u00bbright\u00bb onclick=\u00bbcustom_link\u00bb link=\u00bbhttp:\/\/grupo-ofiman.com\u00bb][\/vc_column][\/vc_row][vc_row][vc_column]<div class=\"dfd-spacer-module\"  data-units=\"px\" data-wide_resolution=\"1280\" data-wide_size=\"20\" data-normal_resolution=\"1024\" data-normal_size=\"\" data-tablet_resolution=\"800\" data-tablet_size=\"\" data-mobile_resolution=\"480\" data-mobile_size=\"\" style=\"height: 20px;\"><\/div>[vc_column_text css=\u00bb.vc_custom_1584306758963{background-color: #0066cb !important;}\u00bb]<\/p>\n<p style=\"text-align: center;\"><span style=\"color: #ffffff;\">Sistemas digitales multifunci\u00f3n para reproducir e imprimir documentos en color y en blanco y negro: fiables, r\u00e1pidos, ideales para todos los procesos de oficina, grandes y peque\u00f1os, estos sistemas est\u00e1n dise\u00f1ados especialmente para mejorar la productividad reduciendo costes.<\/span><\/p>\n<p>[\/vc_column_text][vc_column_text][\/vc_column_text]<div class=\"dfd-spacer-module\"  data-units=\"px\" data-wide_resolution=\"1280\" data-wide_size=\"10\" data-normal_resolution=\"1024\" data-normal_size=\"\" data-tablet_resolution=\"800\" data-tablet_size=\"\" data-mobile_resolution=\"480\" data-mobile_size=\"\" style=\"height: 10px;\"><\/div>[\/vc_column][\/vc_row][vc_row][vc_column][vc_column_text css=\u00bb.vc_custom_1584306777225{background-color: #cecccd !important;}\u00bb]<\/p>\n<h5><\/h5>\n<h5 style=\"text-align: center;\"><span style=\"color: #ffffff;\"><strong><span class=\"bannerTitle\">Olivetti Mutifuncion A3<\/span><\/strong><\/span><\/h5>\n<p>[\/vc_column_text]<div class=\"dfd-spacer-module\"  data-units=\"px\" data-wide_resolution=\"1280\" data-wide_size=\"20\" data-normal_resolution=\"1024\" data-normal_size=\"\" data-tablet_resolution=\"800\" data-tablet_size=\"\" data-mobile_resolution=\"480\" data-mobile_size=\"\" style=\"height: 20px;\"><\/div><div id=\"dfd-logo-carousel-69d1037670d8b-21\" class=\"dfd-logo-carousel-wrap  style-3 dots-enable dfdrounded dfd-slide-images\"  data-slide=\"2\" data-scroll=\"2\" data-speed=\"5000\" data-dots=\"1\" data-count=\"2\"><div class=\"dfd-logo-carousel-list row\"><div class=\"dfd-item-offset columns columns-with-border logo-carousel six\"><div class=\"dfd-logo-carousel-item\"><div class=\"thumb-wrap dfd-equalize-height  dfd-img-lazy-load \"><div class=\"thumb-wrap-front dfd-equalize-height\"><img loading=\"lazy\" decoding=\"async\" src=\"data:image\/svg+xml;charset=utf-8,%3Csvg xmlns%3D'http%3A%2F%2Fwww.w3.org%2F2000%2Fsvg' viewBox%3D'0 0 520 285'%2F%3E\" data-src=\"https:\/\/grupo-ofiman.com\/wp-content\/uploads\/2020\/03\/olivetti-369.png\" width=\"520\" height=\"285\" alt=\"Client logo\"  \/><\/div><div class=\"thumb-wrap-back dfd-equalize-height\"><div class=\"content-wrap\"><span class=\"desc-text\"><div class=\"text-overflow\" font-family:ABeeZee; font-weight:400; font-style:normal; color: #000000 !important; font-style:italic; >PANEL DE USUARIO T\u00c1CTIL DE 10,1\u201d, CON ACCESO A TODAS LAS FUNCIONES SIN UTILIZACI\u00d3N DE NINGUNA TECLA F\u00cdSICA RESOLUCI\u00d3N EFECTIVA DE IMPRESI\u00d3N ESTANDAR 1.200X1.200 PPP, GAMA DE FORMATOS DE PAPEL DE A6 A SRA3<\/div><\/span><\/div><\/div><\/div><a href=\"https:\/\/www.olivetti.com\/system\/files_force\/products\/brochures\/d_color_mf259-309-369_-_esp_-_49785-00-w.pdf?download=1&#038;download=1\" class=\"full-box-link\" title=\"d-Color MF259 - MF309 - MF369 (Descarga catalogo)\" target=\"_blank\" ><\/a><\/div><\/div><div class=\"dfd-item-offset columns columns-with-border logo-carousel six\"><div class=\"dfd-logo-carousel-item\"><div class=\"thumb-wrap dfd-equalize-height  dfd-img-lazy-load \"><div class=\"thumb-wrap-front dfd-equalize-height\"><img loading=\"lazy\" decoding=\"async\" src=\"data:image\/svg+xml;charset=utf-8,%3Csvg xmlns%3D'http%3A%2F%2Fwww.w3.org%2F2000%2Fsvg' viewBox%3D'0 0 520 285'%2F%3E\" data-src=\"https:\/\/grupo-ofiman.com\/wp-content\/uploads\/2020\/03\/363.png\" width=\"520\" height=\"285\" alt=\"Client logo\"  \/><\/div><div class=\"thumb-wrap-back dfd-equalize-height\"><div class=\"content-wrap\"><span class=\"desc-text\"><div class=\"text-overflow\" font-family:ABeeZee; font-weight:400; font-style:normal; color: #000000 !important; font-style:italic; >36\/36 ppm en color y blanco y negro Formatos de papel: A6-SRA3, formato de cartel de hasta 1,2 metros. Panel t\u00e1ctil en color de 9 pulgadas, Reduce el impacto medioambiental gracias a su avanzada tecnolog\u00eda <\/div><\/span><\/div><\/div><\/div><a href=\"https:\/\/www.olivetti.com\/system\/files_force\/products\/brochures\/d-color_mf254_-_mf304_-_mf364_es_10603.pdf?download=1&#038;download=1\" class=\"full-box-link\" title=\"d-color MF364 (Descarga catalogo)\" target=\"_blank\" ><\/a><\/div><\/div><\/div><script type=\"text\/javascript\">(function($) {$(\"head\").append(\"<style>#dfd-logo-carousel-69d1037670d8b-21 .dfd-logo-carousel-item .thumb-wrap .thumb-wrap-back .desc-text .text-overflow {font-family:ABeeZee; font-weight:400; font-style:normal; color: #000000 !important; font-style:italic; }<\/style>\");})(jQuery);<\/script><\/div>[\/vc_column][\/vc_row][vc_row][vc_column][vc_column_text css=\u00bb.vc_custom_1584306876988{background-color: #cecccd !important;}\u00bb]<\/p>\n<h5><\/h5>\n<h5 style=\"text-align: center;\"><span style=\"color: #ffffff;\"><strong><span class=\"bannerTitle\">Olivetti\u00a0 Mutifuncion\u00a0 Compacto A4<\/span><\/strong><\/span><\/h5>\n<p>[\/vc_column_text]<div class=\"dfd-spacer-module\"  data-units=\"px\" data-wide_resolution=\"1280\" data-wide_size=\"20\" data-normal_resolution=\"1024\" data-normal_size=\"\" data-tablet_resolution=\"800\" data-tablet_size=\"\" data-mobile_resolution=\"480\" data-mobile_size=\"\" style=\"height: 20px;\"><\/div><div id=\"dfd-logo-carousel-69d10376715da-8422\" class=\"dfd-logo-carousel-wrap  style-3 dots-enable dfdrounded dfd-slide-images\"  data-slide=\"2\" data-scroll=\"1\" data-speed=\"5000\" data-dots=\"1\" data-count=\"2\"><div class=\"dfd-logo-carousel-list row\"><div class=\"dfd-item-offset columns columns-with-border logo-carousel six\"><div class=\"dfd-logo-carousel-item\"><div class=\"thumb-wrap dfd-equalize-height  dfd-img-lazy-load \"><div class=\"thumb-wrap-front dfd-equalize-height\"><img loading=\"lazy\" decoding=\"async\" src=\"data:image\/svg+xml;charset=utf-8,%3Csvg xmlns%3D'http%3A%2F%2Fwww.w3.org%2F2000%2Fsvg' viewBox%3D'0 0 520 285'%2F%3E\" data-src=\"https:\/\/grupo-ofiman.com\/wp-content\/uploads\/2020\/03\/d-Color-MF3301.png\" width=\"520\" height=\"285\" alt=\"Client logo\"  \/><\/div><div class=\"thumb-wrap-back dfd-equalize-height\"><div class=\"content-wrap\"><span class=\"desc-text\"><div class=\"text-overflow\" font-family:ABeeZee; font-weight:400; font-style:normal; color: #000000 !important; font-style:italic; >velocidad de 33 ppm, d-color mf3301, y 38 ppm en la d-color mf3801, tanto en color como en b\/n resoluci\u00f3n de impresi\u00f3n hasta 1200x1200 dpi innovadora pantalla t\u00e1ctil a color de 7\u201d con funcionalidad nfc ready personalizaci\u00f3n de pantalla navegador integrado, impresi\u00f3n airprint \u00ae<\/div><\/span><\/div><\/div><\/div><a href=\"https:\/\/www.olivetti.com\/system\/files_force\/products\/brochures\/d-color_mf3301-mf3801_-_49598-00-w_-_spa_0.pdf?download=1&#038;download=1\" class=\"full-box-link\" title=\"d-Coloe 3351MF (Descarga catalogo)\" target=\"_blank\" ><\/a><\/div><\/div><div class=\"dfd-item-offset columns columns-with-border logo-carousel six\"><div class=\"dfd-logo-carousel-item\"><div class=\"thumb-wrap dfd-equalize-height  dfd-img-lazy-load \"><div class=\"thumb-wrap-front dfd-equalize-height\"><img loading=\"lazy\" decoding=\"async\" src=\"data:image\/svg+xml;charset=utf-8,%3Csvg xmlns%3D'http%3A%2F%2Fwww.w3.org%2F2000%2Fsvg' viewBox%3D'0 0 520 285'%2F%3E\" data-src=\"https:\/\/grupo-ofiman.com\/wp-content\/uploads\/2020\/03\/d-Color-MF4003.png\" width=\"520\" height=\"285\" alt=\"Client logo\"  \/><\/div><div class=\"thumb-wrap-back dfd-equalize-height\"><div class=\"content-wrap\"><span class=\"desc-text\"><div class=\"text-overflow\" font-family:ABeeZee; font-weight:400; font-style:normal; color: #000000 !important; font-style:italic; >elocidad de 33 p\u00e1ginas por minuto (d-Color MF3303), y 40 p\u00e1ginas por minuto (d-Color MF4003), mono y color Pantalla t\u00e1ctil a color de 10.1\u201d, 100% personalizable Resoluci\u00f3n de impresi\u00f3n  1200x1200 DPI Alimentador autom\u00e1tico de lectura simult\u00e1nea de las dos caras<\/div><\/span><\/div><\/div><\/div><a href=\"https:\/\/www.olivetti.com\/system\/files_force\/products\/brochures\/d_color_mf3303-4003_-_49793-00-w_-_esp.pdf?download=1&#038;download=1\" class=\"full-box-link\" title=\"d-Copia MF4003 (Descarga catalogo)\" target=\"_blank\" ><\/a><\/div><\/div><\/div><script type=\"text\/javascript\">(function($) {$(\"head\").append(\"<style>#dfd-logo-carousel-69d10376715da-8422 .dfd-logo-carousel-item .thumb-wrap .thumb-wrap-back .desc-text .text-overflow {font-family:ABeeZee; font-weight:400; font-style:normal; color: #000000 !important; font-style:italic; }<\/style>\");})(jQuery);<\/script><\/div><div class=\"dfd-spacer-module\"  data-units=\"px\" data-wide_resolution=\"1280\" data-wide_size=\"10\" data-normal_resolution=\"1024\" data-normal_size=\"\" data-tablet_resolution=\"800\" data-tablet_size=\"\" data-mobile_resolution=\"480\" data-mobile_size=\"\" style=\"height: 10px;\"><\/div>[\/vc_column][\/vc_row][vc_row][vc_column]<div class=\"dfd-spacer-module\"  data-units=\"px\" data-wide_resolution=\"1280\" data-wide_size=\"10\" data-normal_resolution=\"1024\" data-normal_size=\"\" data-tablet_resolution=\"800\" data-tablet_size=\"\" data-mobile_resolution=\"480\" data-mobile_size=\"\" style=\"height: 10px;\"><\/div>[vc_column_text css=\u00bb.vc_custom_1584306860233{background-color: #cecccd !important;}\u00bb]<\/p>\n<h5 style=\"text-align: center;\"><span style=\"color: #ffffff;\"><strong><span class=\"bannerTitle\">Olivetti &#8211; Konica equipos Re-manufacturados ( cien por cien garantizados)<\/span><\/strong><\/span><\/h5>\n<p>[\/vc_column_text]<div class=\"dfd-spacer-module\"  data-units=\"px\" data-wide_resolution=\"1280\" data-wide_size=\"20\" data-normal_resolution=\"1024\" data-normal_size=\"\" data-tablet_resolution=\"800\" data-tablet_size=\"\" data-mobile_resolution=\"480\" data-mobile_size=\"\" style=\"height: 20px;\"><\/div>[vc_column_text css=\u00bb.vc_custom_1584306496854{background-color: #0066cb !important;}\u00bb]<\/p>\n<p style=\"text-align: center;\"><span style=\"color: #ffffff;\">En OFIMAN disponemos de un amplio surtido de maquinas de ocasi\u00f3n, modelos descatalogados o de exposici\u00f3n. Todos los equipos son revisados por nuestro servicio t\u00e9cnico, con una amplia experiencia en el sector. Aun as\u00ed, nuestros equipos son instalados en el domicilio del cliente, para que este compruebe si es realmente el que mas se adapta a sus necesidades.<\/span><\/p>\n<p>[\/vc_column_text]<div class=\"dfd-spacer-module\"  data-units=\"px\" data-wide_resolution=\"1280\" data-wide_size=\"20\" data-normal_resolution=\"1024\" data-normal_size=\"\" data-tablet_resolution=\"800\" data-tablet_size=\"\" data-mobile_resolution=\"480\" data-mobile_size=\"\" style=\"height: 20px;\"><\/div><div id=\"dfd-logo-carousel-69d1037671bc7-8635\" class=\"dfd-logo-carousel-wrap  style-3 dots-enable dfdrounded dfd-slide-images\"  data-slide=\"3\" data-scroll=\"3\" data-speed=\"5000\" data-dots=\"1\" data-count=\"3\"><div class=\"dfd-logo-carousel-list row\"><div class=\"dfd-item-offset columns columns-with-border logo-carousel four\"><div class=\"dfd-logo-carousel-item\"><div class=\"thumb-wrap dfd-equalize-height  dfd-img-lazy-load \"><div class=\"thumb-wrap-front dfd-equalize-height\"><img loading=\"lazy\" decoding=\"async\" src=\"data:image\/svg+xml;charset=utf-8,%3Csvg xmlns%3D'http%3A%2F%2Fwww.w3.org%2F2000%2Fsvg' viewBox%3D'0 0 520 285'%2F%3E\" data-src=\"https:\/\/grupo-ofiman.com\/wp-content\/uploads\/2020\/03\/bizhub-368-small.png\" width=\"520\" height=\"285\" alt=\"Client logo\"  \/><\/div><div class=\"thumb-wrap-back dfd-equalize-height\"><div class=\"content-wrap\"><span class=\"desc-text\"><div class=\"text-overflow\" font-family:ABeeZee; font-weight:400; font-style:normal; color: #000000 !important; font-style:italic; >Velocidad A4\/A3: 36\/18 ppm en color y blanco y negro Formatos de papel: A6-SRA3, formatos personalizados y formato banner hasta 1,2 metros de largo<\/div><\/span><\/div><\/div><\/div><a href=\"http:\/\/www.sialca.net\/CatalogosPDF\/KONICA_Catalogo_SIALCA_MULTIFUNCION_COLOR_A3_-_BIZHUB_C364e.pdf\" class=\"full-box-link\" title=\"konika bizhub C364e (Acceso catalogo)\" target=\"_blank\" ><\/a><\/div><\/div><div class=\"dfd-item-offset columns columns-with-border logo-carousel four\"><div class=\"dfd-logo-carousel-item\"><div class=\"thumb-wrap dfd-equalize-height  dfd-img-lazy-load \"><div class=\"thumb-wrap-front dfd-equalize-height\"><img loading=\"lazy\" decoding=\"async\" src=\"data:image\/svg+xml;charset=utf-8,%3Csvg xmlns%3D'http%3A%2F%2Fwww.w3.org%2F2000%2Fsvg' viewBox%3D'0 0 520 285'%2F%3E\" data-src=\"https:\/\/grupo-ofiman.com\/wp-content\/uploads\/2020\/03\/bizhub-368-small-1.png\" width=\"520\" height=\"285\" alt=\"Client logo\"  \/><\/div><div class=\"thumb-wrap-back dfd-equalize-height\"><div class=\"content-wrap\"><span class=\"desc-text\"><div class=\"text-overflow\" font-family:ABeeZee; font-weight:400; font-style:normal; color: #000000 !important; font-style:italic; >36\/36 ppm en color y blanco y negro Formatos de papel: A6-SRA3, formato de cartel de hasta 1,2 metros. Panel t\u00e1ctil en color de 9 pulgadas, Reduce el impacto medioambiental gracias a su avanzada tecnolog\u00eda <\/div><\/span><\/div><\/div><\/div><a href=\"https:\/\/www.konicaminolta.es\/getmedia\/f937a1da-bc14-4ab7-80b0-db148e9f515e\/KM-bizhub-C368-DS-ES.pdf.aspx\" class=\"full-box-link\" title=\"Bizhub C368 (Acceso catalogo)\" target=\"_blank\" ><\/a><\/div><\/div><div class=\"dfd-item-offset columns columns-with-border logo-carousel four\"><div class=\"dfd-logo-carousel-item\"><div class=\"thumb-wrap dfd-equalize-height  dfd-img-lazy-load \"><div class=\"thumb-wrap-front dfd-equalize-height\"><img loading=\"lazy\" decoding=\"async\" src=\"data:image\/svg+xml;charset=utf-8,%3Csvg xmlns%3D'http%3A%2F%2Fwww.w3.org%2F2000%2Fsvg' viewBox%3D'0 0 520 285'%2F%3E\" data-src=\"https:\/\/grupo-ofiman.com\/wp-content\/uploads\/2020\/03\/bizhub-c3351.png\" width=\"520\" height=\"285\" alt=\"Client logo\"  \/><\/div><div class=\"thumb-wrap-back dfd-equalize-height\"><div class=\"content-wrap\"><span class=\"desc-text\"><div class=\"text-overflow\" font-family:ABeeZee; font-weight:400; font-style:normal; color: #000000 !important; font-style:italic; >Velocidad A4: 33 ppm en color y monocromo Tama\u00f1os de papel: A6-A4 Pantalla t\u00e1ctil color de 7&quot; con utilizaci\u00f3n tipo smartphone; proporciona mayor eficiencia y mayor satisfacci\u00f3n trabajando<\/div><\/span><\/div><\/div><\/div><a href=\"http:\/\/grebis.com.mx\/fichas_tecnicas\/bizhub_C3350.pdf\" class=\"full-box-link\" title=\"Bizhub C3350 (Acceso catalogo)\" target=\"_blank\" ><\/a><\/div><\/div><\/div><script type=\"text\/javascript\">(function($) {$(\"head\").append(\"<style>#dfd-logo-carousel-69d1037671bc7-8635 .dfd-logo-carousel-item .thumb-wrap .thumb-wrap-back .desc-text .text-overflow {font-family:ABeeZee; font-weight:400; font-style:normal; color: #000000 !important; font-style:italic; }<\/style>\");})(jQuery);<\/script><\/div><div class=\"dfd-spacer-module\"  data-units=\"px\" data-wide_resolution=\"1280\" data-wide_size=\"30\" data-normal_resolution=\"1024\" data-normal_size=\"\" data-tablet_resolution=\"800\" data-tablet_size=\"\" data-mobile_resolution=\"480\" data-mobile_size=\"\" style=\"height: 30px;\"><\/div>[vc_zigzag]<div class=\"dfd-spacer-module\"  data-units=\"px\" data-wide_resolution=\"1280\" data-wide_size=\"30\" data-normal_resolution=\"1024\" data-normal_size=\"\" data-tablet_resolution=\"800\" data-tablet_size=\"\" data-mobile_resolution=\"480\" data-mobile_size=\"\" style=\"height: 30px;\"><\/div>[vc_column_text css=\u00bb.vc_custom_1555884060783{background-color: #cecccd !important;}\u00bb]<\/p>\n<h5><\/h5>\n<h5 style=\"text-align: center;\"><span style=\"color: #ffffff;\"><strong><span class=\"bannerTitle\">ZONA DE DESCARGAS\u00a0<\/span><\/strong><\/span><\/h5>\n<p>[\/vc_column_text]<div class=\"dfd-spacer-module\"  data-units=\"px\" data-wide_resolution=\"1280\" data-wide_size=\"30\" data-normal_resolution=\"1024\" data-normal_size=\"\" data-tablet_resolution=\"800\" data-tablet_size=\"\" data-mobile_resolution=\"480\" data-mobile_size=\"\" style=\"height: 30px;\"><\/div>[\/vc_column][\/vc_row][vc_row][vc_column width=\u00bb1\/3&#8243; column_bg_position=\u00bbcenter center\u00bb][vc_single_image image=\u00bb18711&#8243; add_caption=\u00bbyes\u00bb alignment=\u00bbcenter\u00bb style=\u00bbvc_box_shadow_border_circle\u00bb onclick=\u00bbcustom_link\u00bb link=\u00bbhttps:\/\/www.olivetti.com\/es\/soporte\/descargar-certificados\u00bb css=\u00bb.vc_custom_1584307813592{background-color: #ffffff !important;}\u00bb][\/vc_column][vc_column width=\u00bb1\/3&#8243; column_bg_position=\u00bbcenter center\u00bb][vc_single_image image=\u00bb18710&#8243; img_size=\u00bbmedium\u00bb add_caption=\u00bbyes\u00bb alignment=\u00bbcenter\u00bb style=\u00bbvc_box_shadow_border_circle\u00bb img_link_target=\u00bb_blank\u00bb onclick=\u00bbcustom_link\u00bb css=\u00bb.vc_custom_1584307829600{background-color: #ffffff !important;}\u00bb link=\u00bbhttps:\/\/www.olivetti.com\/es\/soporte\/descargar-manuales\u00bb][\/vc_column][vc_column width=\u00bb1\/3&#8243; column_bg_position=\u00bbcenter center\u00bb][vc_single_image image=\u00bb18709&#8243; img_size=\u00bbmedium\u00bb add_caption=\u00bbyes\u00bb alignment=\u00bbcenter\u00bb style=\u00bbvc_box_shadow_border_circle\u00bb img_link_target=\u00bb_blank\u00bb onclick=\u00bbcustom_link\u00bb css=\u00bb.vc_custom_1584307790952{background-color: #ffffff !important;}\u00bb link=\u00bbhttps:\/\/www.olivetti.com\/es\/soporte\/descargar-controladores\/\u00bb][\/vc_column][vc_column]<div class=\"dfd-spacer-module\"  data-units=\"px\" data-wide_resolution=\"1280\" data-wide_size=\"20\" data-normal_resolution=\"1024\" data-normal_size=\"\" data-tablet_resolution=\"800\" data-tablet_size=\"\" data-mobile_resolution=\"480\" data-mobile_size=\"\" style=\"height: 20px;\"><\/div>[vc_zigzag][vc_column_text css=\u00bb.vc_custom_1584262107763{background-color: #cecccd !important;}\u00bb]<\/p>\n<h5><\/h5>\n<h5 style=\"text-align: center;\"><span style=\"color: #ffffff;\"><strong><span class=\"bannerTitle\">ASISTENCIA ONLINE<\/span><\/strong><\/span><\/h5>\n<p>[\/vc_column_text]<div class=\"dfd-spacer-module\"  data-units=\"px\" data-wide_resolution=\"1280\" data-wide_size=\"20\" data-normal_resolution=\"1024\" data-normal_size=\"\" data-tablet_resolution=\"800\" data-tablet_size=\"\" data-mobile_resolution=\"480\" data-mobile_size=\"\" style=\"height: 20px;\"><\/div>[\/vc_column][\/vc_row][vc_row][vc_column width=\u00bb1\/3&#8243; column_bg_position=\u00bbcenter center\u00bb][vc_single_image image=\u00bb18713&#8243; add_caption=\u00bbyes\u00bb alignment=\u00bbcenter\u00bb style=\u00bbvc_box_shadow_border_circle\u00bb onclick=\u00bbcustom_link\u00bb link=\u00bbhttps:\/\/anydesk.com\/es\/downloads\/windows\u00bb css=\u00bb.vc_custom_1584308339402{background-color: #ffffff !important;}\u00bb el_id=\u00bbanydesk\u00bb][\/vc_column][vc_column width=\u00bb1\/3&#8243; column_bg_position=\u00bbcenter center\u00bb][\/vc_column][vc_column width=\u00bb1\/3&#8243; column_bg_position=\u00bbcenter center\u00bb][vc_single_image image=\u00bb18714&#8243; img_size=\u00bbmedium\u00bb add_caption=\u00bbyes\u00bb alignment=\u00bbcenter\u00bb style=\u00bbvc_box_shadow_border_circle\u00bb img_link_target=\u00bb_blank\u00bb onclick=\u00bbcustom_link\u00bb css=\u00bb.vc_custom_1584308324542{background-color: #ffffff !important;}\u00bb link=\u00bbhttps:\/\/www.teamviewer.com\/es\/descarga\/windows\/\u00bb][\/vc_column][vc_column]<div class=\"dfd-spacer-module\"  data-units=\"px\" data-wide_resolution=\"1280\" data-wide_size=\"20\" data-normal_resolution=\"1024\" data-normal_size=\"\" data-tablet_resolution=\"800\" data-tablet_size=\"\" data-mobile_resolution=\"480\" data-mobile_size=\"\" style=\"height: 20px;\"><\/div>[vc_zigzag][\/vc_column][\/vc_row][vc_row][vc_column]<div class=\"dfd-spacer-module\"  data-units=\"px\" data-wide_resolution=\"1280\" data-wide_size=\"50\" data-normal_resolution=\"1024\" data-normal_size=\"\" data-tablet_resolution=\"800\" data-tablet_size=\"\" data-mobile_resolution=\"480\" data-mobile_size=\"\" style=\"height: 50px;\"><\/div><div class=\"animation-container \" ><div id=\"video-player-69d1037672496-396\" class=\"dfd-videoplayer style-2 layout-1 text-center \"><span class=\"dfd-video-button  \" ><span class=\"mask-for-hover\"><u><\/u><b><\/b><div class=\"delimiter\" ><\/div><\/span><span class=\"play\" ><\/span><div class=\"title-wrap\"><div class=\"feature-title\" style=\"\">OLIVETTI<\/div><\/div><a href=\"#module_video_69d10376724ae\" class=\"dfd-video-link \" data-animation=\"\"><\/a><\/span><div  style=\"display:none;\" class=\"\" id=\"module_video_69d10376724ae\" data-animation=\"\"><iframe loading=\"lazy\" width=\"1200\" height=\"675\" src=\"https:\/\/www.youtube.com\/embed\/q36wIvvOelo?feature=oembed\" frameborder=\"0\" allow=\"accelerometer; autoplay; encrypted-media; gyroscope; picture-in-picture\" allowfullscreen><\/iframe><\/div><\/div><\/div><script type=\"text\/javascript\">\r\n\t\t\t\t\t\t\t(function($) {\r\n\t\t\t\t\t\t\t\t$(\"head\").append(\"<style><\/style>\");\r\n\t\t\t\t\t\t\t\t$(document).ready(function(){\r\n\t\t\t\t\t\t\t\t\tDFD_VideoModule.init(\"module_video_69d10376724ae\",\"video-player-69d1037672496-396\");\r\n\t\t\t\t\t\t\t\t});\r\n\t\t\t\t\t\t\t})(jQuery);\r\n\t\t\t\t\t\t<\/script>[\/vc_column][\/vc_row]<\/p>\n","protected":false},"excerpt":{"rendered":"<p>[vc_row one_page_title=\u00bbxcvcxv\u00bb][vc_column width=\u00bb1\/3&#8243; column_bg_position=\u00bbcenter center\u00bb][vc_single_image image=\u00bb18489&#8243; img_size=\u00bbmedium\u00bb css_animation=\u00bbfadeInRightBig\u00bb onclick=\u00bbcustom_link\u00bb link=\u00bbhttp:\/\/grupo-ofiman.com\u00bb][\/vc_column][vc_column width=\u00bb1\/3&#8243; column_bg_position=\u00bbcenter center\u00bb][vc_single_image image=\u00bb18703&#8243; img_size=\u00bbmedium\u00bb alignment=\u00bbcenter\u00bb css_animation=\u00bbnone\u00bb][\/vc_column][vc_column width=\u00bb1\/3&#8243; column_bg_position=\u00bbcenter center\u00bb][vc_single_image image=\u00bb18332&#8243; img_size=\u00bbmedium\u00bb alignment=\u00bbright\u00bb onclick=\u00bbcustom_link\u00bb link=\u00bbhttp:\/\/grupo-ofiman.com\u00bb][\/vc_column][\/vc_row][vc_row][vc_column][vc_column_text css=\u00bb.vc_custom_1584306758963{background-color: #0066cb !important;}\u00bb] Sistemas digitales<\/p>\n","protected":false},"author":1,"featured_media":0,"parent":0,"menu_order":0,"comment_status":"closed","ping_status":"closed","template":"","meta":{"footnotes":""},"class_list":["post-18730","page","type-page","status-publish","hentry"],"_links":{"self":[{"href":"https:\/\/grupo-ofiman.com\/index.php?rest_route=\/wp\/v2\/pages\/18730","targetHints":{"allow":["GET"]}}],"collection":[{"href":"https:\/\/grupo-ofiman.com\/index.php?rest_route=\/wp\/v2\/pages"}],"about":[{"href":"https:\/\/grupo-ofiman.com\/index.php?rest_route=\/wp\/v2\/types\/page"}],"author":[{"embeddable":true,"href":"https:\/\/grupo-ofiman.com\/index.php?rest_route=\/wp\/v2\/users\/1"}],"replies":[{"embeddable":true,"href":"https:\/\/grupo-ofiman.com\/index.php?rest_route=%2Fwp%2Fv2%2Fcomments&post=18730"}],"version-history":[{"count":0,"href":"https:\/\/grupo-ofiman.com\/index.php?rest_route=\/wp\/v2\/pages\/18730\/revisions"}],"wp:attachment":[{"href":"https:\/\/grupo-ofiman.com\/index.php?rest_route=%2Fwp%2Fv2%2Fmedia&parent=18730"}],"curies":[{"name":"wp","href":"https:\/\/api.w.org\/{rel}","templated":true}]}}